{"id":16,"date":"2024-08-17T11:48:13","date_gmt":"2024-08-17T09:48:13","guid":{"rendered":"http:\/\/www.emiliepigeard.fr\/?page_id=16"},"modified":"2025-01-20T15:19:23","modified_gmt":"2025-01-20T14:19:23","slug":"about","status":"publish","type":"page","link":"https:\/\/www.emiliepigeard.fr\/index.php\/about\/","title":{"rendered":"About"},"content":{"rendered":"<p><img fetchpriority=\"high\" decoding=\"async\" width=\"500\" height=\"473\" src=\"http:\/\/www.emiliepigeard.fr\/wp-content\/uploads\/2024\/08\/tumblr_inline_ron0i3OYoM1u4yxno_500-2.jpg\" alt=\"\" srcset=\"http:\/\/www.emiliepigeard.fr\/wp-content\/uploads\/2024\/08\/tumblr_inline_ron0i3OYoM1u4yxno_500-2.jpg 500w, http:\/\/www.emiliepigeard.fr\/wp-content\/uploads\/2024\/08\/tumblr_inline_ron0i3OYoM1u4yxno_500-2-300x284.jpg 300w\" sizes=\"(max-width: 500px) 100vw, 500px\" \/>\t\t\t\t\t\t\t\t\t\t\t\t\t\t\t<\/p>\n<p>Passionn\u00e9e par l&#8217;illustration et le cin\u00e9ma d&#8217;animation, Emilie Pigeard commence ses \u00e9tudes par un an \u00e0 l&#8217;universit\u00e9 de la Sorbonne et une ann\u00e9e \u00e0 l&#8217;atelier de S\u00e8vres. Elle se sp\u00e9cialise en cin\u00e9ma d&#8217;animation lors de son entr\u00e9e aux Arts d\u00e9coratifs de Paris o\u00f9 elle est remarqu\u00e9e avec son film de fin d&#8217;\u00e9tudes, Encore un gros lapin qui sera produit par les Films Sauvages.<\/p>\n<p>En 2017, elle rencontre le succ\u00e8s avec Bamboule, s\u00e9lectionn\u00e9 dans de nombreux festivals et est \u00e9lu \u00e0 plusieurs reprises \u201cfilm pr\u00e9f\u00e9r\u00e9 des enfants\u201d<\/p>\n<p>En 2020, Emilie co-r\u00e9alise avec une r\u00e9alisatrice slov\u00e8ne, urska Djukic, un documentaire anim\u00e9, Granny\u2019s sexual life \u00e0 Ciclic Animation, relatant des t\u00e9moignages de femmes autour de leur sexualit\u00e9.<\/p>\n<p>Depuis, \u00c9milie travaille en tant qu&#8217;illustratrice et r\u00e9alisatrice 2D sur diff\u00e9rents courts m\u00e9trages anim\u00e9s en attendant de developper de nouveaux projets.<\/p>\n","protected":false},"excerpt":{"rendered":"<p>Passionn\u00e9e par l&#8217;illustration et le cin\u00e9ma d&#8217;animation, Emilie Pigeard commence ses \u00e9tudes par un an \u00e0 l&#8217;universit\u00e9 de la Sorbonne et une ann\u00e9e \u00e0 l&#8217;atelier de S\u00e8vres. Elle se sp\u00e9cialise en cin\u00e9ma d&#8217;animation lors de son entr\u00e9e aux Arts d\u00e9coratifs de Paris o\u00f9 elle est remarqu\u00e9e avec son film de fin d&#8217;\u00e9tudes, Encore un gros [&hellip;]<\/p>\n","protected":false},"author":1,"featured_media":0,"parent":0,"menu_order":0,"comment_status":"closed","ping_status":"closed","template":"","meta":{"footnotes":""},"class_list":["post-16","page","type-page","status-publish","hentry"],"yoast_head":"<!-- This site is optimized with the Yoast SEO plugin v24.2 - https:\/\/yoast.com\/wordpress\/plugins\/seo\/ -->\n<title>About - Emilie Pigeard<\/title>\n<meta name=\"robots\" content=\"index, follow, max-snippet:-1, max-image-preview:large, max-video-preview:-1\" \/>\n<link rel=\"canonical\" href=\"https:\/\/www.emiliepigeard.fr\/index.php\/about\/\" \/>\n<meta property=\"og:locale\" content=\"en_US\" \/>\n<meta property=\"og:type\" content=\"article\" \/>\n<meta property=\"og:title\" content=\"About - Emilie Pigeard\" \/>\n<meta property=\"og:description\" content=\"Passionn\u00e9e par l&#8217;illustration et le cin\u00e9ma d&#8217;animation, Emilie Pigeard commence ses \u00e9tudes par un an \u00e0 l&#8217;universit\u00e9 de la Sorbonne et une ann\u00e9e \u00e0 l&#8217;atelier de S\u00e8vres. Elle se sp\u00e9cialise en cin\u00e9ma d&#8217;animation lors de son entr\u00e9e aux Arts d\u00e9coratifs de Paris o\u00f9 elle est remarqu\u00e9e avec son film de fin d&#8217;\u00e9tudes, Encore un gros [&hellip;]\" \/>\n<meta property=\"og:url\" content=\"https:\/\/www.emiliepigeard.fr\/index.php\/about\/\" \/>\n<meta property=\"og:site_name\" content=\"Emilie Pigeard\" \/>\n<meta property=\"article:modified_time\" content=\"2025-01-20T14:19:23+00:00\" \/>\n<meta property=\"og:image\" content=\"http:\/\/www.emiliepigeard.fr\/wp-content\/uploads\/2024\/08\/tumblr_inline_ron0i3OYoM1u4yxno_500-2.jpg\" \/>\n<meta name=\"twitter:card\" content=\"summary_large_image\" \/>\n<meta name=\"twitter:label1\" content=\"Est. reading time\" \/>\n\t<meta name=\"twitter:data1\" content=\"1 minute\" \/>\n<script type=\"application\/ld+json\" class=\"yoast-schema-graph\">{\"@context\":\"https:\/\/schema.org\",\"@graph\":[{\"@type\":\"WebPage\",\"@id\":\"https:\/\/www.emiliepigeard.fr\/index.php\/about\/\",\"url\":\"https:\/\/www.emiliepigeard.fr\/index.php\/about\/\",\"name\":\"About - Emilie Pigeard\",\"isPartOf\":{\"@id\":\"https:\/\/www.emiliepigeard.fr\/#website\"},\"primaryImageOfPage\":{\"@id\":\"https:\/\/www.emiliepigeard.fr\/index.php\/about\/#primaryimage\"},\"image\":{\"@id\":\"https:\/\/www.emiliepigeard.fr\/index.php\/about\/#primaryimage\"},\"thumbnailUrl\":\"http:\/\/www.emiliepigeard.fr\/wp-content\/uploads\/2024\/08\/tumblr_inline_ron0i3OYoM1u4yxno_500-2.jpg\",\"datePublished\":\"2024-08-17T09:48:13+00:00\",\"dateModified\":\"2025-01-20T14:19:23+00:00\",\"breadcrumb\":{\"@id\":\"https:\/\/www.emiliepigeard.fr\/index.php\/about\/#breadcrumb\"},\"inLanguage\":\"en-US\",\"potentialAction\":[{\"@type\":\"ReadAction\",\"target\":[\"https:\/\/www.emiliepigeard.fr\/index.php\/about\/\"]}]},{\"@type\":\"ImageObject\",\"inLanguage\":\"en-US\",\"@id\":\"https:\/\/www.emiliepigeard.fr\/index.php\/about\/#primaryimage\",\"url\":\"https:\/\/www.emiliepigeard.fr\/wp-content\/uploads\/2024\/08\/tumblr_inline_ron0i3OYoM1u4yxno_500-2.jpg\",\"contentUrl\":\"https:\/\/www.emiliepigeard.fr\/wp-content\/uploads\/2024\/08\/tumblr_inline_ron0i3OYoM1u4yxno_500-2.jpg\",\"width\":500,\"height\":473,\"caption\":\"REYKJAVIK, ICELAND - DECEMBER 10: \u00c9milie Pigeard attends the red carpet during the European film Awards 2022 at Harpa Conference and Concert Hall on December 10, 2022 in Reykjavik, Iceland. (Photo by Vittorio Zunino Celotto\/Getty Images)\"},{\"@type\":\"BreadcrumbList\",\"@id\":\"https:\/\/www.emiliepigeard.fr\/index.php\/about\/#breadcrumb\",\"itemListElement\":[{\"@type\":\"ListItem\",\"position\":1,\"name\":\"Accueil\",\"item\":\"https:\/\/www.emiliepigeard.fr\/\"},{\"@type\":\"ListItem\",\"position\":2,\"name\":\"About\"}]},{\"@type\":\"WebSite\",\"@id\":\"https:\/\/www.emiliepigeard.fr\/#website\",\"url\":\"https:\/\/www.emiliepigeard.fr\/\",\"name\":\"Emilie Pigeard\",\"description\":\"Illustratrice et animatrice\",\"publisher\":{\"@id\":\"https:\/\/www.emiliepigeard.fr\/#\/schema\/person\/a822cbaa949af8e4668d9ef4ca4aff45\"},\"potentialAction\":[{\"@type\":\"SearchAction\",\"target\":{\"@type\":\"EntryPoint\",\"urlTemplate\":\"https:\/\/www.emiliepigeard.fr\/?s={search_term_string}\"},\"query-input\":{\"@type\":\"PropertyValueSpecification\",\"valueRequired\":true,\"valueName\":\"search_term_string\"}}],\"inLanguage\":\"en-US\"},{\"@type\":[\"Person\",\"Organization\"],\"@id\":\"https:\/\/www.emiliepigeard.fr\/#\/schema\/person\/a822cbaa949af8e4668d9ef4ca4aff45\",\"name\":\"admin9464\",\"image\":{\"@type\":\"ImageObject\",\"inLanguage\":\"en-US\",\"@id\":\"https:\/\/www.emiliepigeard.fr\/#\/schema\/person\/image\/\",\"url\":\"https:\/\/www.emiliepigeard.fr\/wp-content\/uploads\/2024\/10\/2Illustration_sans_titre.gif\",\"contentUrl\":\"https:\/\/www.emiliepigeard.fr\/wp-content\/uploads\/2024\/10\/2Illustration_sans_titre.gif\",\"width\":1,\"height\":1,\"caption\":\"admin9464\"},\"logo\":{\"@id\":\"https:\/\/www.emiliepigeard.fr\/#\/schema\/person\/image\/\"},\"sameAs\":[\"http:\/\/www.emiliepigeard.fr\"]}]}<\/script>\n<!-- \/ Yoast SEO plugin. -->","yoast_head_json":{"title":"About - Emilie Pigeard","robots":{"index":"index","follow":"follow","max-snippet":"max-snippet:-1","max-image-preview":"max-image-preview:large","max-video-preview":"max-video-preview:-1"},"canonical":"https:\/\/www.emiliepigeard.fr\/index.php\/about\/","og_locale":"en_US","og_type":"article","og_title":"About - Emilie Pigeard","og_description":"Passionn\u00e9e par l&#8217;illustration et le cin\u00e9ma d&#8217;animation, Emilie Pigeard commence ses \u00e9tudes par un an \u00e0 l&#8217;universit\u00e9 de la Sorbonne et une ann\u00e9e \u00e0 l&#8217;atelier de S\u00e8vres. Elle se sp\u00e9cialise en cin\u00e9ma d&#8217;animation lors de son entr\u00e9e aux Arts d\u00e9coratifs de Paris o\u00f9 elle est remarqu\u00e9e avec son film de fin d&#8217;\u00e9tudes, Encore un gros [&hellip;]","og_url":"https:\/\/www.emiliepigeard.fr\/index.php\/about\/","og_site_name":"Emilie Pigeard","article_modified_time":"2025-01-20T14:19:23+00:00","og_image":[{"url":"http:\/\/www.emiliepigeard.fr\/wp-content\/uploads\/2024\/08\/tumblr_inline_ron0i3OYoM1u4yxno_500-2.jpg","type":"","width":"","height":""}],"twitter_card":"summary_large_image","twitter_misc":{"Est. reading time":"1 minute"},"schema":{"@context":"https:\/\/schema.org","@graph":[{"@type":"WebPage","@id":"https:\/\/www.emiliepigeard.fr\/index.php\/about\/","url":"https:\/\/www.emiliepigeard.fr\/index.php\/about\/","name":"About - Emilie Pigeard","isPartOf":{"@id":"https:\/\/www.emiliepigeard.fr\/#website"},"primaryImageOfPage":{"@id":"https:\/\/www.emiliepigeard.fr\/index.php\/about\/#primaryimage"},"image":{"@id":"https:\/\/www.emiliepigeard.fr\/index.php\/about\/#primaryimage"},"thumbnailUrl":"http:\/\/www.emiliepigeard.fr\/wp-content\/uploads\/2024\/08\/tumblr_inline_ron0i3OYoM1u4yxno_500-2.jpg","datePublished":"2024-08-17T09:48:13+00:00","dateModified":"2025-01-20T14:19:23+00:00","breadcrumb":{"@id":"https:\/\/www.emiliepigeard.fr\/index.php\/about\/#breadcrumb"},"inLanguage":"en-US","potentialAction":[{"@type":"ReadAction","target":["https:\/\/www.emiliepigeard.fr\/index.php\/about\/"]}]},{"@type":"ImageObject","inLanguage":"en-US","@id":"https:\/\/www.emiliepigeard.fr\/index.php\/about\/#primaryimage","url":"https:\/\/www.emiliepigeard.fr\/wp-content\/uploads\/2024\/08\/tumblr_inline_ron0i3OYoM1u4yxno_500-2.jpg","contentUrl":"https:\/\/www.emiliepigeard.fr\/wp-content\/uploads\/2024\/08\/tumblr_inline_ron0i3OYoM1u4yxno_500-2.jpg","width":500,"height":473,"caption":"REYKJAVIK, ICELAND - DECEMBER 10: \u00c9milie Pigeard attends the red carpet during the European film Awards 2022 at Harpa Conference and Concert Hall on December 10, 2022 in Reykjavik, Iceland. (Photo by Vittorio Zunino Celotto\/Getty Images)"},{"@type":"BreadcrumbList","@id":"https:\/\/www.emiliepigeard.fr\/index.php\/about\/#breadcrumb","itemListElement":[{"@type":"ListItem","position":1,"name":"Accueil","item":"https:\/\/www.emiliepigeard.fr\/"},{"@type":"ListItem","position":2,"name":"About"}]},{"@type":"WebSite","@id":"https:\/\/www.emiliepigeard.fr\/#website","url":"https:\/\/www.emiliepigeard.fr\/","name":"Emilie Pigeard","description":"Illustratrice et animatrice","publisher":{"@id":"https:\/\/www.emiliepigeard.fr\/#\/schema\/person\/a822cbaa949af8e4668d9ef4ca4aff45"},"potentialAction":[{"@type":"SearchAction","target":{"@type":"EntryPoint","urlTemplate":"https:\/\/www.emiliepigeard.fr\/?s={search_term_string}"},"query-input":{"@type":"PropertyValueSpecification","valueRequired":true,"valueName":"search_term_string"}}],"inLanguage":"en-US"},{"@type":["Person","Organization"],"@id":"https:\/\/www.emiliepigeard.fr\/#\/schema\/person\/a822cbaa949af8e4668d9ef4ca4aff45","name":"admin9464","image":{"@type":"ImageObject","inLanguage":"en-US","@id":"https:\/\/www.emiliepigeard.fr\/#\/schema\/person\/image\/","url":"https:\/\/www.emiliepigeard.fr\/wp-content\/uploads\/2024\/10\/2Illustration_sans_titre.gif","contentUrl":"https:\/\/www.emiliepigeard.fr\/wp-content\/uploads\/2024\/10\/2Illustration_sans_titre.gif","width":1,"height":1,"caption":"admin9464"},"logo":{"@id":"https:\/\/www.emiliepigeard.fr\/#\/schema\/person\/image\/"},"sameAs":["http:\/\/www.emiliepigeard.fr"]}]}},"jetpack_sharing_enabled":true,"_links":{"self":[{"href":"https:\/\/www.emiliepigeard.fr\/index.php\/wp-json\/wp\/v2\/pages\/16","targetHints":{"allow":["GET"]}}],"collection":[{"href":"https:\/\/www.emiliepigeard.fr\/index.php\/wp-json\/wp\/v2\/pages"}],"about":[{"href":"https:\/\/www.emiliepigeard.fr\/index.php\/wp-json\/wp\/v2\/types\/page"}],"author":[{"embeddable":true,"href":"https:\/\/www.emiliepigeard.fr\/index.php\/wp-json\/wp\/v2\/users\/1"}],"replies":[{"embeddable":true,"href":"https:\/\/www.emiliepigeard.fr\/index.php\/wp-json\/wp\/v2\/comments?post=16"}],"version-history":[{"count":16,"href":"https:\/\/www.emiliepigeard.fr\/index.php\/wp-json\/wp\/v2\/pages\/16\/revisions"}],"predecessor-version":[{"id":304,"href":"https:\/\/www.emiliepigeard.fr\/index.php\/wp-json\/wp\/v2\/pages\/16\/revisions\/304"}],"wp:attachment":[{"href":"https:\/\/www.emiliepigeard.fr\/index.php\/wp-json\/wp\/v2\/media?parent=16"}],"curies":[{"name":"wp","href":"https:\/\/api.w.org\/{rel}","templated":true}]}}