{"id":17,"date":"2024-08-17T11:48:13","date_gmt":"2024-08-17T09:48:13","guid":{"rendered":"http:\/\/www.emiliepigeard.fr\/?page_id=17"},"modified":"2025-01-20T15:26:58","modified_gmt":"2025-01-20T14:26:58","slug":"news","status":"publish","type":"page","link":"https:\/\/www.emiliepigeard.fr\/index.php\/news\/","title":{"rendered":"News"},"content":{"rendered":"<p><a data-elementor-open-lightbox=\"yes\" data-elementor-lightbox-slideshow=\"1605c73\" data-elementor-lightbox-title=\"Capture d\u2019\u00e9cran 2025-01-20 \u00e0 15.23.20\" data-e-action-hash=\"#elementor-action%3Aaction%3Dlightbox%26settings%3DeyJpZCI6MzA2LCJ1cmwiOiJodHRwOlwvXC93d3cuZW1pbGllcGlnZWFyZC5mclwvd3AtY29udGVudFwvdXBsb2Fkc1wvMjAyNVwvMDFcL0NhcHR1cmUtZGVjcmFuLTIwMjUtMDEtMjAtYS0xNS4yMy4yMC5wbmciLCJzbGlkZXNob3ciOiIxNjA1YzczIn0%3D\" href=\"https:\/\/www.instagram.com\/p\/B9WunMXoDyJ\/?img_index=1\"><\/p>\n<figure><img decoding=\"async\" src=\"http:\/\/www.emiliepigeard.fr\/wp-content\/uploads\/2025\/01\/Capture-decran-2025-01-20-a-15.23.20.png\" alt=\"Capture d\u2019\u00e9cran 2025-01-20 \u00e0 15.23.20\" \/><\/figure>\n<p><\/a><a data-elementor-open-lightbox=\"yes\" data-elementor-lightbox-slideshow=\"1605c73\" data-elementor-lightbox-title=\"Capture d\u2019\u00e9cran 2025-01-20 \u00e0 15.23.24\" data-e-action-hash=\"#elementor-action%3Aaction%3Dlightbox%26settings%3DeyJpZCI6MzA3LCJ1cmwiOiJodHRwOlwvXC93d3cuZW1pbGllcGlnZWFyZC5mclwvd3AtY29udGVudFwvdXBsb2Fkc1wvMjAyNVwvMDFcL0NhcHR1cmUtZGVjcmFuLTIwMjUtMDEtMjAtYS0xNS4yMy4yNC5wbmciLCJzbGlkZXNob3ciOiIxNjA1YzczIn0%3D\" href=\"https:\/\/www.instagram.com\/p\/B9WunMXoDyJ\/?img_index=1\"><\/p>\n<figure><img decoding=\"async\" src=\"http:\/\/www.emiliepigeard.fr\/wp-content\/uploads\/2025\/01\/Capture-decran-2025-01-20-a-15.23.24.png\" alt=\"Capture d\u2019\u00e9cran 2025-01-20 \u00e0 15.23.24\" \/><\/figure>\n<p><\/a><a data-elementor-open-lightbox=\"yes\" data-elementor-lightbox-slideshow=\"1605c73\" data-elementor-lightbox-title=\"Capture d\u2019\u00e9cran 2025-01-20 \u00e0 15.23.29\" data-e-action-hash=\"#elementor-action%3Aaction%3Dlightbox%26settings%3DeyJpZCI6MzA4LCJ1cmwiOiJodHRwOlwvXC93d3cuZW1pbGllcGlnZWFyZC5mclwvd3AtY29udGVudFwvdXBsb2Fkc1wvMjAyNVwvMDFcL0NhcHR1cmUtZGVjcmFuLTIwMjUtMDEtMjAtYS0xNS4yMy4yOS5wbmciLCJzbGlkZXNob3ciOiIxNjA1YzczIn0%3D\" href=\"https:\/\/www.instagram.com\/p\/B9WunMXoDyJ\/?img_index=1\"><\/p>\n<figure><img decoding=\"async\" src=\"http:\/\/www.emiliepigeard.fr\/wp-content\/uploads\/2025\/01\/Capture-decran-2025-01-20-a-15.23.29.png\" alt=\"Capture d\u2019\u00e9cran 2025-01-20 \u00e0 15.23.29\" \/><\/figure>\n<p><\/a><br \/>\n\t\t\t\t\t\t<svg aria-hidden=\"true\" viewBox=\"0 0 1000 1000\" xmlns=\"http:\/\/www.w3.org\/2000\/svg\"><path d=\"M646 125C629 125 613 133 604 142L308 442C296 454 292 471 292 487 292 504 296 521 308 533L604 854C617 867 629 875 646 875 663 875 679 871 692 858 704 846 713 829 713 812 713 796 708 779 692 767L438 487 692 225C700 217 708 204 708 187 708 171 704 154 692 142 675 129 663 125 646 125Z\"><\/path><\/svg><br \/>\n\t\t\t\t\t\t<svg aria-hidden=\"true\" viewBox=\"0 0 1000 1000\" xmlns=\"http:\/\/www.w3.org\/2000\/svg\"><path d=\"M696 533C708 521 713 504 713 487 713 471 708 454 696 446L400 146C388 133 375 125 354 125 338 125 325 129 313 142 300 154 292 171 292 187 292 204 296 221 308 233L563 492 304 771C292 783 288 800 288 817 288 833 296 850 308 863 321 871 338 875 354 875 371 875 388 867 400 854L696 533Z\"><\/path><\/svg>\t\t\t\t\t<\/p>\n<p>Des petits fan art \u2728<br \/>&#8211;<br \/>Vous les reconnaissez ? (Le dernier, c\u2019est un m\u00e9lange)<\/p>\n<p>\t\t\t\t\t\t\t\t<a data-elementor-open-lightbox=\"yes\" data-elementor-lightbox-slideshow=\"f203ebd\" data-elementor-lightbox-title=\"TATAMIMI2\" data-e-action-hash=\"#elementor-action%3Aaction%3Dlightbox%26settings%3DeyJpZCI6NTcsInVybCI6Imh0dHA6XC9cL3d3dy5lbWlsaWVwaWdlYXJkLmZyXC93cC1jb250ZW50XC91cGxvYWRzXC8yMDI0XC8wOFwvVEFUQU1JTUkyLXNjYWxlZC5qcGciLCJzbGlkZXNob3ciOiJmMjAzZWJkIn0%3D\" href=\"https:\/\/www.instagram.com\/p\/B9WunMXoDyJ\/?img_index=1\"><\/p>\n<figure><img decoding=\"async\" src=\"http:\/\/www.emiliepigeard.fr\/wp-content\/uploads\/2024\/08\/TATAMIMI2-1024x813.jpg\" alt=\"TATAMIMI2\" \/><\/figure>\n<p><\/a><a data-elementor-open-lightbox=\"yes\" data-elementor-lightbox-slideshow=\"f203ebd\" data-elementor-lightbox-title=\"TATAMIMI3\" data-e-action-hash=\"#elementor-action%3Aaction%3Dlightbox%26settings%3DeyJpZCI6NTksInVybCI6Imh0dHA6XC9cL3d3dy5lbWlsaWVwaWdlYXJkLmZyXC93cC1jb250ZW50XC91cGxvYWRzXC8yMDI0XC8wOFwvVEFUQU1JTUkzLXNjYWxlZC5qcGciLCJzbGlkZXNob3ciOiJmMjAzZWJkIn0%3D\" href=\"https:\/\/www.instagram.com\/p\/B9WunMXoDyJ\/?img_index=1\"><\/p>\n<figure><img decoding=\"async\" src=\"http:\/\/www.emiliepigeard.fr\/wp-content\/uploads\/2024\/08\/TATAMIMI3-1024x813.jpg\" alt=\"TATAMIMI3\" \/><\/figure>\n<p><\/a><br \/>\n\t\t\t\t\t\t<svg aria-hidden=\"true\" viewBox=\"0 0 1000 1000\" xmlns=\"http:\/\/www.w3.org\/2000\/svg\"><path d=\"M646 125C629 125 613 133 604 142L308 442C296 454 292 471 292 487 292 504 296 521 308 533L604 854C617 867 629 875 646 875 663 875 679 871 692 858 704 846 713 829 713 812 713 796 708 779 692 767L438 487 692 225C700 217 708 204 708 187 708 171 704 154 692 142 675 129 663 125 646 125Z\"><\/path><\/svg><br \/>\n\t\t\t\t\t\t<svg aria-hidden=\"true\" viewBox=\"0 0 1000 1000\" xmlns=\"http:\/\/www.w3.org\/2000\/svg\"><path d=\"M696 533C708 521 713 504 713 487 713 471 708 454 696 446L400 146C388 133 375 125 354 125 338 125 325 129 313 142 300 154 292 171 292 187 292 204 296 221 308 233L563 492 304 771C292 783 288 800 288 817 288 833 296 850 308 863 321 871 338 875 354 875 371 875 388 867 400 854L696 533Z\"><\/path><\/svg>\t\t\t\t\t<\/p>\n<p>\ud83d\udd8d\ufe0fPages de carnet de mon projet BD \u00ab\u00a0tata mimi\u00a0\u00bb<\/p>\n<p>Ce n\u2019est pas \u00e9vident de trouver le temps de bosser dessus mais je ne d\u00e9sesp\u00e8re pas car j\u2019ai toujours autant de fun \u00e0 dessiner ce perso \ud83d\udd8d\ufe0f<\/p>\n","protected":false},"excerpt":{"rendered":"<p>Des petits fan art \u2728&#8211;Vous les reconnaissez ? (Le dernier, c\u2019est un m\u00e9lange) \ud83d\udd8d\ufe0fPages de carnet de mon projet BD \u00ab\u00a0tata mimi\u00a0\u00bb Ce n\u2019est pas \u00e9vident de trouver le temps de bosser dessus mais je ne d\u00e9sesp\u00e8re pas car j\u2019ai toujours autant de fun \u00e0 dessiner ce perso \ud83d\udd8d\ufe0f<\/p>\n","protected":false},"author":1,"featured_media":0,"parent":0,"menu_order":0,"comment_status":"closed","ping_status":"closed","template":"","meta":{"footnotes":""},"class_list":["post-17","page","type-page","status-publish","hentry"],"yoast_head":"<!-- This site is optimized with the Yoast SEO plugin v24.2 - https:\/\/yoast.com\/wordpress\/plugins\/seo\/ -->\n<title>News - Emilie Pigeard<\/title>\n<meta name=\"robots\" content=\"index, follow, max-snippet:-1, max-image-preview:large, max-video-preview:-1\" \/>\n<link rel=\"canonical\" href=\"https:\/\/www.emiliepigeard.fr\/index.php\/news\/\" \/>\n<meta property=\"og:locale\" content=\"en_US\" \/>\n<meta property=\"og:type\" content=\"article\" \/>\n<meta property=\"og:title\" content=\"News - Emilie Pigeard\" \/>\n<meta property=\"og:description\" content=\"Des petits fan art \u2728&#8211;Vous les reconnaissez ? (Le dernier, c\u2019est un m\u00e9lange) \ud83d\udd8d\ufe0fPages de carnet de mon projet BD \u00ab\u00a0tata mimi\u00a0\u00bb Ce n\u2019est pas \u00e9vident de trouver le temps de bosser dessus mais je ne d\u00e9sesp\u00e8re pas car j\u2019ai toujours autant de fun \u00e0 dessiner ce perso \ud83d\udd8d\ufe0f\" \/>\n<meta property=\"og:url\" content=\"https:\/\/www.emiliepigeard.fr\/index.php\/news\/\" \/>\n<meta property=\"og:site_name\" content=\"Emilie Pigeard\" \/>\n<meta property=\"article:modified_time\" content=\"2025-01-20T14:26:58+00:00\" \/>\n<meta property=\"og:image\" content=\"http:\/\/www.emiliepigeard.fr\/wp-content\/uploads\/2025\/01\/Capture-decran-2025-01-20-a-15.23.20.png\" \/>\n<meta name=\"twitter:card\" content=\"summary_large_image\" \/>\n<meta name=\"twitter:label1\" content=\"Est. reading time\" \/>\n\t<meta name=\"twitter:data1\" content=\"2 minutes\" \/>\n<script type=\"application\/ld+json\" class=\"yoast-schema-graph\">{\"@context\":\"https:\/\/schema.org\",\"@graph\":[{\"@type\":\"WebPage\",\"@id\":\"https:\/\/www.emiliepigeard.fr\/index.php\/news\/\",\"url\":\"https:\/\/www.emiliepigeard.fr\/index.php\/news\/\",\"name\":\"News - Emilie Pigeard\",\"isPartOf\":{\"@id\":\"https:\/\/www.emiliepigeard.fr\/#website\"},\"primaryImageOfPage\":{\"@id\":\"https:\/\/www.emiliepigeard.fr\/index.php\/news\/#primaryimage\"},\"image\":{\"@id\":\"https:\/\/www.emiliepigeard.fr\/index.php\/news\/#primaryimage\"},\"thumbnailUrl\":\"http:\/\/www.emiliepigeard.fr\/wp-content\/uploads\/2025\/01\/Capture-decran-2025-01-20-a-15.23.20.png\",\"datePublished\":\"2024-08-17T09:48:13+00:00\",\"dateModified\":\"2025-01-20T14:26:58+00:00\",\"breadcrumb\":{\"@id\":\"https:\/\/www.emiliepigeard.fr\/index.php\/news\/#breadcrumb\"},\"inLanguage\":\"en-US\",\"potentialAction\":[{\"@type\":\"ReadAction\",\"target\":[\"https:\/\/www.emiliepigeard.fr\/index.php\/news\/\"]}]},{\"@type\":\"ImageObject\",\"inLanguage\":\"en-US\",\"@id\":\"https:\/\/www.emiliepigeard.fr\/index.php\/news\/#primaryimage\",\"url\":\"https:\/\/www.emiliepigeard.fr\/wp-content\/uploads\/2025\/01\/Capture-decran-2025-01-20-a-15.23.20.png\",\"contentUrl\":\"https:\/\/www.emiliepigeard.fr\/wp-content\/uploads\/2025\/01\/Capture-decran-2025-01-20-a-15.23.20.png\",\"width\":852,\"height\":940},{\"@type\":\"BreadcrumbList\",\"@id\":\"https:\/\/www.emiliepigeard.fr\/index.php\/news\/#breadcrumb\",\"itemListElement\":[{\"@type\":\"ListItem\",\"position\":1,\"name\":\"Accueil\",\"item\":\"https:\/\/www.emiliepigeard.fr\/\"},{\"@type\":\"ListItem\",\"position\":2,\"name\":\"News\"}]},{\"@type\":\"WebSite\",\"@id\":\"https:\/\/www.emiliepigeard.fr\/#website\",\"url\":\"https:\/\/www.emiliepigeard.fr\/\",\"name\":\"Emilie Pigeard\",\"description\":\"Illustratrice et animatrice\",\"publisher\":{\"@id\":\"https:\/\/www.emiliepigeard.fr\/#\/schema\/person\/a822cbaa949af8e4668d9ef4ca4aff45\"},\"potentialAction\":[{\"@type\":\"SearchAction\",\"target\":{\"@type\":\"EntryPoint\",\"urlTemplate\":\"https:\/\/www.emiliepigeard.fr\/?s={search_term_string}\"},\"query-input\":{\"@type\":\"PropertyValueSpecification\",\"valueRequired\":true,\"valueName\":\"search_term_string\"}}],\"inLanguage\":\"en-US\"},{\"@type\":[\"Person\",\"Organization\"],\"@id\":\"https:\/\/www.emiliepigeard.fr\/#\/schema\/person\/a822cbaa949af8e4668d9ef4ca4aff45\",\"name\":\"admin9464\",\"image\":{\"@type\":\"ImageObject\",\"inLanguage\":\"en-US\",\"@id\":\"https:\/\/www.emiliepigeard.fr\/#\/schema\/person\/image\/\",\"url\":\"https:\/\/www.emiliepigeard.fr\/wp-content\/uploads\/2024\/10\/2Illustration_sans_titre.gif\",\"contentUrl\":\"https:\/\/www.emiliepigeard.fr\/wp-content\/uploads\/2024\/10\/2Illustration_sans_titre.gif\",\"width\":1,\"height\":1,\"caption\":\"admin9464\"},\"logo\":{\"@id\":\"https:\/\/www.emiliepigeard.fr\/#\/schema\/person\/image\/\"},\"sameAs\":[\"http:\/\/www.emiliepigeard.fr\"]}]}<\/script>\n<!-- \/ Yoast SEO plugin. -->","yoast_head_json":{"title":"News - Emilie Pigeard","robots":{"index":"index","follow":"follow","max-snippet":"max-snippet:-1","max-image-preview":"max-image-preview:large","max-video-preview":"max-video-preview:-1"},"canonical":"https:\/\/www.emiliepigeard.fr\/index.php\/news\/","og_locale":"en_US","og_type":"article","og_title":"News - Emilie Pigeard","og_description":"Des petits fan art \u2728&#8211;Vous les reconnaissez ? (Le dernier, c\u2019est un m\u00e9lange) \ud83d\udd8d\ufe0fPages de carnet de mon projet BD \u00ab\u00a0tata mimi\u00a0\u00bb Ce n\u2019est pas \u00e9vident de trouver le temps de bosser dessus mais je ne d\u00e9sesp\u00e8re pas car j\u2019ai toujours autant de fun \u00e0 dessiner ce perso \ud83d\udd8d\ufe0f","og_url":"https:\/\/www.emiliepigeard.fr\/index.php\/news\/","og_site_name":"Emilie Pigeard","article_modified_time":"2025-01-20T14:26:58+00:00","og_image":[{"url":"http:\/\/www.emiliepigeard.fr\/wp-content\/uploads\/2025\/01\/Capture-decran-2025-01-20-a-15.23.20.png","type":"","width":"","height":""}],"twitter_card":"summary_large_image","twitter_misc":{"Est. reading time":"2 minutes"},"schema":{"@context":"https:\/\/schema.org","@graph":[{"@type":"WebPage","@id":"https:\/\/www.emiliepigeard.fr\/index.php\/news\/","url":"https:\/\/www.emiliepigeard.fr\/index.php\/news\/","name":"News - Emilie Pigeard","isPartOf":{"@id":"https:\/\/www.emiliepigeard.fr\/#website"},"primaryImageOfPage":{"@id":"https:\/\/www.emiliepigeard.fr\/index.php\/news\/#primaryimage"},"image":{"@id":"https:\/\/www.emiliepigeard.fr\/index.php\/news\/#primaryimage"},"thumbnailUrl":"http:\/\/www.emiliepigeard.fr\/wp-content\/uploads\/2025\/01\/Capture-decran-2025-01-20-a-15.23.20.png","datePublished":"2024-08-17T09:48:13+00:00","dateModified":"2025-01-20T14:26:58+00:00","breadcrumb":{"@id":"https:\/\/www.emiliepigeard.fr\/index.php\/news\/#breadcrumb"},"inLanguage":"en-US","potentialAction":[{"@type":"ReadAction","target":["https:\/\/www.emiliepigeard.fr\/index.php\/news\/"]}]},{"@type":"ImageObject","inLanguage":"en-US","@id":"https:\/\/www.emiliepigeard.fr\/index.php\/news\/#primaryimage","url":"https:\/\/www.emiliepigeard.fr\/wp-content\/uploads\/2025\/01\/Capture-decran-2025-01-20-a-15.23.20.png","contentUrl":"https:\/\/www.emiliepigeard.fr\/wp-content\/uploads\/2025\/01\/Capture-decran-2025-01-20-a-15.23.20.png","width":852,"height":940},{"@type":"BreadcrumbList","@id":"https:\/\/www.emiliepigeard.fr\/index.php\/news\/#breadcrumb","itemListElement":[{"@type":"ListItem","position":1,"name":"Accueil","item":"https:\/\/www.emiliepigeard.fr\/"},{"@type":"ListItem","position":2,"name":"News"}]},{"@type":"WebSite","@id":"https:\/\/www.emiliepigeard.fr\/#website","url":"https:\/\/www.emiliepigeard.fr\/","name":"Emilie Pigeard","description":"Illustratrice et animatrice","publisher":{"@id":"https:\/\/www.emiliepigeard.fr\/#\/schema\/person\/a822cbaa949af8e4668d9ef4ca4aff45"},"potentialAction":[{"@type":"SearchAction","target":{"@type":"EntryPoint","urlTemplate":"https:\/\/www.emiliepigeard.fr\/?s={search_term_string}"},"query-input":{"@type":"PropertyValueSpecification","valueRequired":true,"valueName":"search_term_string"}}],"inLanguage":"en-US"},{"@type":["Person","Organization"],"@id":"https:\/\/www.emiliepigeard.fr\/#\/schema\/person\/a822cbaa949af8e4668d9ef4ca4aff45","name":"admin9464","image":{"@type":"ImageObject","inLanguage":"en-US","@id":"https:\/\/www.emiliepigeard.fr\/#\/schema\/person\/image\/","url":"https:\/\/www.emiliepigeard.fr\/wp-content\/uploads\/2024\/10\/2Illustration_sans_titre.gif","contentUrl":"https:\/\/www.emiliepigeard.fr\/wp-content\/uploads\/2024\/10\/2Illustration_sans_titre.gif","width":1,"height":1,"caption":"admin9464"},"logo":{"@id":"https:\/\/www.emiliepigeard.fr\/#\/schema\/person\/image\/"},"sameAs":["http:\/\/www.emiliepigeard.fr"]}]}},"jetpack_sharing_enabled":true,"_links":{"self":[{"href":"https:\/\/www.emiliepigeard.fr\/index.php\/wp-json\/wp\/v2\/pages\/17","targetHints":{"allow":["GET"]}}],"collection":[{"href":"https:\/\/www.emiliepigeard.fr\/index.php\/wp-json\/wp\/v2\/pages"}],"about":[{"href":"https:\/\/www.emiliepigeard.fr\/index.php\/wp-json\/wp\/v2\/types\/page"}],"author":[{"embeddable":true,"href":"https:\/\/www.emiliepigeard.fr\/index.php\/wp-json\/wp\/v2\/users\/1"}],"replies":[{"embeddable":true,"href":"https:\/\/www.emiliepigeard.fr\/index.php\/wp-json\/wp\/v2\/comments?post=17"}],"version-history":[{"count":10,"href":"https:\/\/www.emiliepigeard.fr\/index.php\/wp-json\/wp\/v2\/pages\/17\/revisions"}],"predecessor-version":[{"id":311,"href":"https:\/\/www.emiliepigeard.fr\/index.php\/wp-json\/wp\/v2\/pages\/17\/revisions\/311"}],"wp:attachment":[{"href":"https:\/\/www.emiliepigeard.fr\/index.php\/wp-json\/wp\/v2\/media?parent=17"}],"curies":[{"name":"wp","href":"https:\/\/api.w.org\/{rel}","templated":true}]}}